{"id":6560,"date":"2026-04-09T10:47:48","date_gmt":"2026-04-09T08:47:48","guid":{"rendered":"https:\/\/we4media.nl\/?page_id=6560"},"modified":"2026-04-09T11:35:49","modified_gmt":"2026-04-09T09:35:49","slug":"duurzaam","status":"publish","type":"page","link":"https:\/\/we4media.nl\/de\/duurzaam\/","title":{"rendered":"Nachhaltig"},"content":{"rendered":"<div data-elementor-type=\"wp-page\" data-elementor-id=\"6560\" class=\"elementor elementor-6560\" data-elementor-post-type=\"page\">\n\t\t\t\t<div class=\"elementor-element elementor-element-11a7ea6 e-flex e-con-boxed e-con e-parent\" data-id=\"11a7ea6\" data-element_type=\"container\" data-e-type=\"container\">\n\t\t\t\t\t<div class=\"e-con-inner\">\n\t\t<div class=\"elementor-element elementor-element-038b553 e-con-full e-flex e-con e-child\" data-id=\"038b553\" data-element_type=\"container\" data-e-type=\"container\">\n\t\t\t\t<div class=\"elementor-element elementor-element-37b1817 highlight-blue elementor-widget-tablet__width-inherit elementor-widget elementor-widget-heading\" data-id=\"37b1817\" data-element_type=\"widget\" data-e-type=\"widget\" data-widget_type=\"heading.default\">\n\t\t\t\t<div class=\"elementor-widget-container\">\n\t\t\t\t\t<h2 class=\"elementor-heading-title elementor-size-default\">Nachhaltiges Unternehmertum<\/h2>\t\t\t\t<\/div>\n\t\t\t\t<\/div>\n\t\t\t\t<div class=\"elementor-element elementor-element-4959bbb elementor-widget elementor-widget-text-editor\" data-id=\"4959bbb\" data-element_type=\"widget\" data-e-type=\"widget\" data-widget_type=\"text-editor.default\">\n\t\t\t\t<div class=\"elementor-widget-container\">\n\t\t\t\t\t\t\t\t\t<p>Das Internet ist nicht sichtbar, aber seine Auswirkungen sind gro\u00df. Websites, Webshops, Anwendungen und KI-Modelle laufen st\u00e4ndig und ben\u00f6tigen viel Energie. Genau deshalb finden wir, dass Sie als Digitalagentur Verantwortung \u00fcbernehmen m\u00fcssen.<\/p><p>Bei We4media tun wir das aktiv. Nicht mit sch\u00f6nen Worten, sondern mit konkreten Entscheidungen, die zu einem nachhaltigeren Internet beitragen.<\/p>\t\t\t\t\t\t\t\t<\/div>\n\t\t\t\t<\/div>\n\t\t<div class=\"elementor-element elementor-element-7ae7233 e-con-full animated-fast e-flex elementor-invisible e-con e-child\" data-id=\"7ae7233\" data-element_type=\"container\" data-e-type=\"container\" data-settings=\"{&quot;background_background&quot;:&quot;classic&quot;,&quot;animation&quot;:&quot;fadeInUp&quot;,&quot;animation_tablet&quot;:&quot;none&quot;}\">\n\t\t\t\t<div class=\"elementor-element elementor-element-5556149 elementor-widget__width-inherit highlight-blue elementor-widget elementor-widget-heading\" data-id=\"5556149\" data-element_type=\"widget\" data-e-type=\"widget\" data-widget_type=\"heading.default\">\n\t\t\t\t<div class=\"elementor-widget-container\">\n\t\t\t\t\t<h2 class=\"elementor-heading-title elementor-size-default\">Energie-neutrales B\u00fcro<\/h2>\t\t\t\t<\/div>\n\t\t\t\t<\/div>\n\t\t\t\t<div class=\"elementor-element elementor-element-b1bd638 elementor-widget elementor-widget-text-editor\" data-id=\"b1bd638\" data-element_type=\"widget\" data-e-type=\"widget\" data-widget_type=\"text-editor.default\">\n\t\t\t\t<div class=\"elementor-widget-container\">\n\t\t\t\t\t\t\t\t\tUnser B\u00fcro ist vollst\u00e4ndig auf Nachhaltigkeit ausgerichtet. Dank Solarmodulen erzeugen wir unseren eigenen Strom und sind damit energieautark. Das bedeutet, dass alles, was wir t\u00e4glich tun, mit selbst erzeugter Energie betrieben wird.\t\t\t\t\t\t\t\t<\/div>\n\t\t\t\t<\/div>\n\t\t\t\t<\/div>\n\t\t<div class=\"elementor-element elementor-element-19d942c e-con-full animated-fast e-flex elementor-invisible e-con e-child\" data-id=\"19d942c\" data-element_type=\"container\" data-e-type=\"container\" data-settings=\"{&quot;background_background&quot;:&quot;classic&quot;,&quot;animation&quot;:&quot;fadeInUp&quot;,&quot;animation_tablet&quot;:&quot;none&quot;}\">\n\t\t\t\t<div class=\"elementor-element elementor-element-269d555 elementor-widget__width-inherit highlight-blue elementor-widget elementor-widget-heading\" data-id=\"269d555\" data-element_type=\"widget\" data-e-type=\"widget\" data-widget_type=\"heading.default\">\n\t\t\t\t<div class=\"elementor-widget-container\">\n\t\t\t\t\t<h2 class=\"elementor-heading-title elementor-size-default\">Gr\u00fcnes Hosting<\/h2>\t\t\t\t<\/div>\n\t\t\t\t<\/div>\n\t\t\t\t<div class=\"elementor-element elementor-element-73ab2b3 elementor-widget elementor-widget-text-editor\" data-id=\"73ab2b3\" data-element_type=\"widget\" data-e-type=\"widget\" data-widget_type=\"text-editor.default\">\n\t\t\t\t<div class=\"elementor-widget-container\">\n\t\t\t\t\t\t\t\t\tUnsere Server befinden sich an zwei Standorten von NorthC Datacenters, beide Rechenzentren beziehen ausschlie\u00dflich gr\u00fcnen Strom. Das Rechenzentrum in Aalsmeer hat sogar \u00fcber 500 Sonnenkollektoren auf dem Dach, um einen Teil des eigenen Stroms zu erzeugen.\t\t\t\t\t\t\t\t<\/div>\n\t\t\t\t<\/div>\n\t\t\t\t<\/div>\n\t\t<div class=\"elementor-element elementor-element-61fb63a e-con-full animated-fast e-flex elementor-invisible e-con e-child\" data-id=\"61fb63a\" data-element_type=\"container\" data-e-type=\"container\" data-settings=\"{&quot;background_background&quot;:&quot;classic&quot;,&quot;animation&quot;:&quot;fadeInUp&quot;,&quot;animation_tablet&quot;:&quot;none&quot;}\">\n\t\t\t\t<div class=\"elementor-element elementor-element-62c3824 elementor-widget__width-inherit highlight-blue elementor-widget elementor-widget-heading\" data-id=\"62c3824\" data-element_type=\"widget\" data-e-type=\"widget\" data-widget_type=\"heading.default\">\n\t\t\t\t<div class=\"elementor-widget-container\">\n\t\t\t\t\t<h2 class=\"elementor-heading-title elementor-size-default\">Restw\u00e4rmer\u00fcckgewinnung<\/h2>\t\t\t\t<\/div>\n\t\t\t\t<\/div>\n\t\t\t\t<div class=\"elementor-element elementor-element-45d9e68 elementor-widget elementor-widget-text-editor\" data-id=\"45d9e68\" data-element_type=\"widget\" data-e-type=\"widget\" data-widget_type=\"text-editor.default\">\n\t\t\t\t<div class=\"elementor-widget-container\">\n\t\t\t\t\t\t\t\t\tDie im Rechenzentrum in Aalsmeer erzeugte W\u00e4rme wird clever genutzt, sie wird n\u00e4mlich von Unternehmen in der N\u00e4he recycelt. So werden ein Schwimmbad, eine Kindertagesst\u00e4tte und ein Exportunternehmen f\u00fcr Pflanzen beheizt. Im Gegenzug f\u00fcr diese W\u00e4rme erh\u00e4lt das Rechenzentrum k\u00fchle Luft zur\u00fcck, um unsere Server anschlie\u00dfend k\u00fchl zu halten.\t\t\t\t\t\t\t\t<\/div>\n\t\t\t\t<\/div>\n\t\t\t\t<\/div>\n\t\t\t\t<div class=\"elementor-element elementor-element-77aee31 highlight-blue elementor-widget-tablet__width-inherit elementor-widget elementor-widget-heading\" data-id=\"77aee31\" data-element_type=\"widget\" data-e-type=\"widget\" data-widget_type=\"heading.default\">\n\t\t\t\t<div class=\"elementor-widget-container\">\n\t\t\t\t\t<h3 class=\"elementor-heading-title elementor-size-default\">Gemeinsam an einem nachhaltigeren Internet bauen\n<\/h3>\t\t\t\t<\/div>\n\t\t\t\t<\/div>\n\t\t\t\t<div class=\"elementor-element elementor-element-8debbd4 elementor-widget elementor-widget-text-editor\" data-id=\"8debbd4\" data-element_type=\"widget\" data-e-type=\"widget\" data-widget_type=\"text-editor.default\">\n\t\t\t\t<div class=\"elementor-widget-container\">\n\t\t\t\t\t\t\t\t\t<p>M\u00f6chten Sie nicht nur online wachsen, sondern dies auch auf verantwortungsvolle Weise tun? Wir helfen Ihnen gerne mit einer nachhaltigen digitalen Grundlage, die zukunftssicher ist.<\/p>\t\t\t\t\t\t\t\t<\/div>\n\t\t\t\t<\/div>\n\t\t\t\t<div class=\"elementor-element elementor-element-1ba85cc elementor-widget elementor-widget-button\" data-id=\"1ba85cc\" data-element_type=\"widget\" data-e-type=\"widget\" data-widget_type=\"button.default\">\n\t\t\t\t<div class=\"elementor-widget-container\">\n\t\t\t\t\t\t\t\t\t<div class=\"elementor-button-wrapper\">\n\t\t\t\t\t<a class=\"elementor-button elementor-button-link elementor-size-sm\" href=\"https:\/\/we4media.nl\/de\/contact\/\">\n\t\t\t\t\t\t<span class=\"elementor-button-content-wrapper\">\n\t\t\t\t\t\t<span class=\"elementor-button-icon\">\n\t\t\t\t<svg aria-hidden=\"true\" class=\"e-font-icon-svg e-fas-arrow-right\" viewbox=\"0 0 448 512\" xmlns=\"http:\/\/www.w3.org\/2000\/svg\"><path d=\"M190.5 66.9l22.2-22.2c9.4-9.4 24.6-9.4 33.9 0L441 239c9.4 9.4 9.4 24.6 0 33.9L246.6 467.3c-9.4 9.4-24.6 9.4-33.9 0l-22.2-22.2c-9.5-9.5-9.3-25 .4-34.3L311.4 296H24c-13.3 0-24-10.7-24-24v-32c0-13.3 10.7-24 24-24h287.4L190.9 101.2c-9.8-9.3-10-24.8-.4-34.3z\"><\/path><\/svg>\t\t\t<\/span>\n\t\t\t\t\t\t\t\t\t<span class=\"elementor-button-text\">Er\u00f6rterung der M\u00f6glichkeiten<\/span>\n\t\t\t\t\t<\/span>\n\t\t\t\t\t<\/a>\n\t\t\t\t<\/div>\n\t\t\t\t\t\t\t\t<\/div>\n\t\t\t\t<\/div>\n\t\t\t\t<\/div>\n\t\t<div class=\"elementor-element elementor-element-19e3df9 e-con-full e-flex e-con e-child\" data-id=\"19e3df9\" data-element_type=\"container\" data-e-type=\"container\">\n\t\t\t\t<div class=\"elementor-element elementor-element-8248513 elementor-widget elementor-widget-image\" data-id=\"8248513\" data-element_type=\"widget\" data-e-type=\"widget\" data-widget_type=\"image.default\">\n\t\t\t\t<div class=\"elementor-widget-container\">\n\t\t\t\t\t\t\t\t\t\t\t\t\t\t\t<img fetchpriority=\"high\" decoding=\"async\" width=\"540\" height=\"675\" src=\"https:\/\/we4media.nl\/wp-content\/uploads\/2026\/04\/We4media-duurzame-hosting-1.jpg\" class=\"attachment-full size-full wp-image-6570\" alt=\"\" srcset=\"https:\/\/we4media.nl\/wp-content\/uploads\/2026\/04\/We4media-duurzame-hosting-1.jpg 540w, https:\/\/we4media.nl\/wp-content\/uploads\/2026\/04\/We4media-duurzame-hosting-1-240x300.jpg 240w, https:\/\/we4media.nl\/wp-content\/uploads\/2026\/04\/We4media-duurzame-hosting-1-10x12.jpg 10w\" sizes=\"(max-width: 540px) 100vw, 540px\" \/>\t\t\t\t\t\t\t\t\t\t\t\t\t\t\t<\/div>\n\t\t\t\t<\/div>\n\t\t\t\t<\/div>\n\t\t\t\t\t<\/div>\n\t\t\t\t<\/div>\n\t\t\t\t<\/div>","protected":false},"excerpt":{"rendered":"<p>Duurzaam ondernemen Het internet is niet zichtbaar, maar de impact ervan is groot. Websites, webshops, applicaties en AI-modellen draaien continu en vragen veel energie. Juist daarom vinden wij dat je als digital agency verantwoordelijkheid moet nemen. Bij We4media doen we dat actief. Niet met mooie woorden, maar met concrete keuzes die bijdragen aan een duurzamer [&hellip;]<\/p>\n","protected":false},"author":1,"featured_media":6570,"parent":0,"menu_order":0,"comment_status":"closed","ping_status":"closed","template":"","meta":{"_acf_changed":false,"footnotes":""},"class_list":["post-6560","page","type-page","status-publish","has-post-thumbnail","hentry"],"acf":[],"yoast_head":"<!-- This site is optimized with the Yoast SEO plugin v27.0 - https:\/\/yoast.com\/product\/yoast-seo-wordpress\/ -->\n<title>Duurzame hosting &amp; energieneutraal kantoor | We4media Venlo<\/title>\n<meta name=\"description\" content=\"Kies voor duurzaam online met We4media. Energieneutraal kantoor, 100% groene hosting en slimme restwarmte recycling. Snel, veilig en verantwoord.\" \/>\n<meta name=\"robots\" content=\"index, follow, max-snippet:-1, max-image-preview:large, max-video-preview:-1\" \/>\n<link rel=\"canonical\" href=\"https:\/\/we4media.nl\/de\/duurzaam\/\" \/>\n<meta property=\"og:locale\" content=\"de_DE\" \/>\n<meta property=\"og:type\" content=\"article\" \/>\n<meta property=\"og:title\" content=\"Duurzame hosting &amp; energieneutraal kantoor | We4media Venlo\" \/>\n<meta property=\"og:description\" content=\"Kies voor duurzaam online met We4media. Energieneutraal kantoor, 100% groene hosting en slimme restwarmte recycling. Snel, veilig en verantwoord.\" \/>\n<meta property=\"og:url\" content=\"https:\/\/we4media.nl\/de\/duurzaam\/\" \/>\n<meta property=\"og:site_name\" content=\"We4media - Digital marketing agency Venlo\" \/>\n<meta property=\"article:publisher\" content=\"https:\/\/www.facebook.com\/we4media.nl\" \/>\n<meta property=\"article:modified_time\" content=\"2026-04-09T09:35:49+00:00\" \/>\n<meta property=\"og:image\" content=\"https:\/\/we4media.nl\/wp-content\/uploads\/2026\/04\/We4media-duurzame-hosting-1.jpg\" \/>\n\t<meta property=\"og:image:width\" content=\"540\" \/>\n\t<meta property=\"og:image:height\" content=\"675\" \/>\n\t<meta property=\"og:image:type\" content=\"image\/jpeg\" \/>\n<meta name=\"twitter:card\" content=\"summary_large_image\" \/>\n<meta name=\"twitter:label1\" content=\"Gesch\u00e4tzte Lesezeit\" \/>\n\t<meta name=\"twitter:data1\" content=\"2\u00a0Minuten\" \/>\n<script type=\"application\/ld+json\" class=\"yoast-schema-graph\">{\"@context\":\"https:\/\/schema.org\",\"@graph\":[{\"@type\":\"WebPage\",\"@id\":\"https:\/\/we4media.nl\/duurzaam\/\",\"url\":\"https:\/\/we4media.nl\/duurzaam\/\",\"name\":\"Duurzame hosting & energieneutraal kantoor | We4media Venlo\",\"isPartOf\":{\"@id\":\"https:\/\/we4media.nl\/#website\"},\"primaryImageOfPage\":{\"@id\":\"https:\/\/we4media.nl\/duurzaam\/#primaryimage\"},\"image\":{\"@id\":\"https:\/\/we4media.nl\/duurzaam\/#primaryimage\"},\"thumbnailUrl\":\"https:\/\/we4media.nl\/wp-content\/uploads\/2026\/04\/We4media-duurzame-hosting-1.jpg\",\"datePublished\":\"2026-04-09T08:47:48+00:00\",\"dateModified\":\"2026-04-09T09:35:49+00:00\",\"description\":\"Kies voor duurzaam online met We4media. Energieneutraal kantoor, 100% groene hosting en slimme restwarmte recycling. Snel, veilig en verantwoord.\",\"breadcrumb\":{\"@id\":\"https:\/\/we4media.nl\/duurzaam\/#breadcrumb\"},\"inLanguage\":\"de\",\"potentialAction\":[{\"@type\":\"ReadAction\",\"target\":[\"https:\/\/we4media.nl\/duurzaam\/\"]}]},{\"@type\":\"ImageObject\",\"inLanguage\":\"de\",\"@id\":\"https:\/\/we4media.nl\/duurzaam\/#primaryimage\",\"url\":\"https:\/\/we4media.nl\/wp-content\/uploads\/2026\/04\/We4media-duurzame-hosting-1.jpg\",\"contentUrl\":\"https:\/\/we4media.nl\/wp-content\/uploads\/2026\/04\/We4media-duurzame-hosting-1.jpg\",\"width\":540,\"height\":675},{\"@type\":\"BreadcrumbList\",\"@id\":\"https:\/\/we4media.nl\/duurzaam\/#breadcrumb\",\"itemListElement\":[{\"@type\":\"ListItem\",\"position\":1,\"name\":\"Home\",\"item\":\"https:\/\/we4media.nl\/\"},{\"@type\":\"ListItem\",\"position\":2,\"name\":\"Duurzaam\"}]},{\"@type\":\"WebSite\",\"@id\":\"https:\/\/we4media.nl\/#website\",\"url\":\"https:\/\/we4media.nl\/\",\"name\":\"We4media - Digital marketing agency Venlo\",\"description\":\"Digitale versnellers.\",\"publisher\":{\"@id\":\"https:\/\/we4media.nl\/#organization\"},\"alternateName\":\"We4media\",\"potentialAction\":[{\"@type\":\"SearchAction\",\"target\":{\"@type\":\"EntryPoint\",\"urlTemplate\":\"https:\/\/we4media.nl\/?s={search_term_string}\"},\"query-input\":{\"@type\":\"PropertyValueSpecification\",\"valueRequired\":true,\"valueName\":\"search_term_string\"}}],\"inLanguage\":\"de\"},{\"@type\":\"Organization\",\"@id\":\"https:\/\/we4media.nl\/#organization\",\"name\":\"We4media - Digital marketing agency Venlo\",\"alternateName\":\"We4media\",\"url\":\"https:\/\/we4media.nl\/\",\"logo\":{\"@type\":\"ImageObject\",\"inLanguage\":\"de\",\"@id\":\"https:\/\/we4media.nl\/#\/schema\/logo\/image\/\",\"url\":\"https:\/\/we4media.nl\/wp-content\/uploads\/2024\/06\/Logo-We4Media-oranje-drukwerk.png\",\"contentUrl\":\"https:\/\/we4media.nl\/wp-content\/uploads\/2024\/06\/Logo-We4Media-oranje-drukwerk.png\",\"width\":2550,\"height\":634,\"caption\":\"We4media - Digital marketing agency Venlo\"},\"image\":{\"@id\":\"https:\/\/we4media.nl\/#\/schema\/logo\/image\/\"},\"sameAs\":[\"https:\/\/www.facebook.com\/we4media.nl\",\"https:\/\/www.instagram.com\/we4medianl\/\",\"https:\/\/linkedin.com\/company\/we4media\"]}]}<\/script>\n<!-- \/ Yoast SEO plugin. -->","yoast_head_json":{"title":"Duurzame hosting & energieneutraal kantoor | We4media Venlo","description":"Kies voor duurzaam online met We4media. Energieneutraal kantoor, 100% groene hosting en slimme restwarmte recycling. Snel, veilig en verantwoord.","robots":{"index":"index","follow":"follow","max-snippet":"max-snippet:-1","max-image-preview":"max-image-preview:large","max-video-preview":"max-video-preview:-1"},"canonical":"https:\/\/we4media.nl\/de\/duurzaam\/","og_locale":"de_DE","og_type":"article","og_title":"Duurzame hosting & energieneutraal kantoor | We4media Venlo","og_description":"Kies voor duurzaam online met We4media. Energieneutraal kantoor, 100% groene hosting en slimme restwarmte recycling. Snel, veilig en verantwoord.","og_url":"https:\/\/we4media.nl\/de\/duurzaam\/","og_site_name":"We4media - Digital marketing agency Venlo","article_publisher":"https:\/\/www.facebook.com\/we4media.nl","article_modified_time":"2026-04-09T09:35:49+00:00","og_image":[{"width":540,"height":675,"url":"https:\/\/we4media.nl\/wp-content\/uploads\/2026\/04\/We4media-duurzame-hosting-1.jpg","type":"image\/jpeg"}],"twitter_card":"summary_large_image","twitter_misc":{"Gesch\u00e4tzte Lesezeit":"2\u00a0Minuten"},"schema":{"@context":"https:\/\/schema.org","@graph":[{"@type":"WebPage","@id":"https:\/\/we4media.nl\/duurzaam\/","url":"https:\/\/we4media.nl\/duurzaam\/","name":"Duurzame hosting & energieneutraal kantoor | We4media Venlo","isPartOf":{"@id":"https:\/\/we4media.nl\/#website"},"primaryImageOfPage":{"@id":"https:\/\/we4media.nl\/duurzaam\/#primaryimage"},"image":{"@id":"https:\/\/we4media.nl\/duurzaam\/#primaryimage"},"thumbnailUrl":"https:\/\/we4media.nl\/wp-content\/uploads\/2026\/04\/We4media-duurzame-hosting-1.jpg","datePublished":"2026-04-09T08:47:48+00:00","dateModified":"2026-04-09T09:35:49+00:00","description":"Kies voor duurzaam online met We4media. Energieneutraal kantoor, 100% groene hosting en slimme restwarmte recycling. Snel, veilig en verantwoord.","breadcrumb":{"@id":"https:\/\/we4media.nl\/duurzaam\/#breadcrumb"},"inLanguage":"de","potentialAction":[{"@type":"ReadAction","target":["https:\/\/we4media.nl\/duurzaam\/"]}]},{"@type":"ImageObject","inLanguage":"de","@id":"https:\/\/we4media.nl\/duurzaam\/#primaryimage","url":"https:\/\/we4media.nl\/wp-content\/uploads\/2026\/04\/We4media-duurzame-hosting-1.jpg","contentUrl":"https:\/\/we4media.nl\/wp-content\/uploads\/2026\/04\/We4media-duurzame-hosting-1.jpg","width":540,"height":675},{"@type":"BreadcrumbList","@id":"https:\/\/we4media.nl\/duurzaam\/#breadcrumb","itemListElement":[{"@type":"ListItem","position":1,"name":"Home","item":"https:\/\/we4media.nl\/"},{"@type":"ListItem","position":2,"name":"Duurzaam"}]},{"@type":"WebSite","@id":"https:\/\/we4media.nl\/#website","url":"https:\/\/we4media.nl\/","name":"We4media - Digital-Marketing-Agentur Venlo","description":"Digitale versnellers.","publisher":{"@id":"https:\/\/we4media.nl\/#organization"},"alternateName":"We4media","potentialAction":[{"@type":"SearchAction","target":{"@type":"EntryPoint","urlTemplate":"https:\/\/we4media.nl\/?s={search_term_string}"},"query-input":{"@type":"PropertyValueSpecification","valueRequired":true,"valueName":"search_term_string"}}],"inLanguage":"de"},{"@type":"Organization","@id":"https:\/\/we4media.nl\/#organization","name":"We4media - Digital-Marketing-Agentur Venlo","alternateName":"We4media","url":"https:\/\/we4media.nl\/","logo":{"@type":"ImageObject","inLanguage":"de","@id":"https:\/\/we4media.nl\/#\/schema\/logo\/image\/","url":"https:\/\/we4media.nl\/wp-content\/uploads\/2024\/06\/Logo-We4Media-oranje-drukwerk.png","contentUrl":"https:\/\/we4media.nl\/wp-content\/uploads\/2024\/06\/Logo-We4Media-oranje-drukwerk.png","width":2550,"height":634,"caption":"We4media - Digital marketing agency Venlo"},"image":{"@id":"https:\/\/we4media.nl\/#\/schema\/logo\/image\/"},"sameAs":["https:\/\/www.facebook.com\/we4media.nl","https:\/\/www.instagram.com\/we4medianl\/","https:\/\/linkedin.com\/company\/we4media"]}]}},"_links":{"self":[{"href":"https:\/\/we4media.nl\/de\/wp-json\/wp\/v2\/pages\/6560","targetHints":{"allow":["GET"]}}],"collection":[{"href":"https:\/\/we4media.nl\/de\/wp-json\/wp\/v2\/pages"}],"about":[{"href":"https:\/\/we4media.nl\/de\/wp-json\/wp\/v2\/types\/page"}],"author":[{"embeddable":true,"href":"https:\/\/we4media.nl\/de\/wp-json\/wp\/v2\/users\/1"}],"replies":[{"embeddable":true,"href":"https:\/\/we4media.nl\/de\/wp-json\/wp\/v2\/comments?post=6560"}],"version-history":[{"count":6,"href":"https:\/\/we4media.nl\/de\/wp-json\/wp\/v2\/pages\/6560\/revisions"}],"predecessor-version":[{"id":6571,"href":"https:\/\/we4media.nl\/de\/wp-json\/wp\/v2\/pages\/6560\/revisions\/6571"}],"wp:featuredmedia":[{"embeddable":true,"href":"https:\/\/we4media.nl\/de\/wp-json\/wp\/v2\/media\/6570"}],"wp:attachment":[{"href":"https:\/\/we4media.nl\/de\/wp-json\/wp\/v2\/media?parent=6560"}],"curies":[{"name":"wp","href":"https:\/\/api.w.org\/{rel}","templated":true}]}}